{"id":2061,"date":"2022-06-10T09:18:49","date_gmt":"2022-06-10T09:18:49","guid":{"rendered":"https:\/\/www.pirixel.com\/?page_id=2061"},"modified":"2022-06-10T09:19:56","modified_gmt":"2022-06-10T09:19:56","slug":"privacidad","status":"publish","type":"page","link":"https:\/\/www.pirixel.com\/html\/privacidad\/","title":{"rendered":"privacidad"},"content":{"rendered":"\t\t<div data-elementor-type=\"wp-page\" data-elementor-id=\"2061\" class=\"elementor elementor-2061\">\n\t\t\t\t\t\t<section class=\"elementor-section elementor-top-section elementor-element elementor-element-af76dd4 elementor-section-boxed elementor-section-height-default elementor-section-height-default\" data-id=\"af76dd4\" data-element_type=\"section\" data-e-type=\"section\">\n\t\t\t\t\t\t<div class=\"elementor-container elementor-column-gap-default\">\n\t\t\t\t\t<div class=\"elementor-column elementor-col-100 elementor-top-column elementor-element elementor-element-e7a8d71\" data-id=\"e7a8d71\" data-element_type=\"column\" data-e-type=\"column\">\n\t\t\t<div class=\"elementor-widget-wrap elementor-element-populated\">\n\t\t\t\t\t\t<div class=\"elementor-element elementor-element-d8e471e elementor-widget elementor-widget-spacer\" data-id=\"d8e471e\" data-element_type=\"widget\" data-e-type=\"widget\" data-widget_type=\"spacer.default\">\n\t\t\t\t<div class=\"elementor-widget-container\">\n\t\t\t\t\t\t\t<div class=\"elementor-spacer\">\n\t\t\t<div class=\"elementor-spacer-inner\"><\/div>\n\t\t<\/div>\n\t\t\t\t\t\t<\/div>\n\t\t\t\t<\/div>\n\t\t\t\t\t<\/div>\n\t\t<\/div>\n\t\t\t\t\t<\/div>\n\t\t<\/section>\n\t\t\t\t<section class=\"elementor-section elementor-top-section elementor-element elementor-element-d2862e0 elementor-section-boxed elementor-section-height-default elementor-section-height-default\" data-id=\"d2862e0\" data-element_type=\"section\" data-e-type=\"section\">\n\t\t\t\t\t\t<div class=\"elementor-container elementor-column-gap-default\">\n\t\t\t\t\t<div class=\"elementor-column elementor-col-100 elementor-top-column elementor-element elementor-element-0f134df\" data-id=\"0f134df\" data-element_type=\"column\" data-e-type=\"column\">\n\t\t\t<div class=\"elementor-widget-wrap elementor-element-populated\">\n\t\t\t\t\t\t<div class=\"elementor-element elementor-element-382b557 elementor-widget elementor-widget-heading\" data-id=\"382b557\" data-element_type=\"widget\" data-e-type=\"widget\" data-widget_type=\"heading.default\">\n\t\t\t\t<div class=\"elementor-widget-container\">\n\t\t\t\t\t<h3 class=\"elementor-heading-title elementor-size-default\">Pol\u00edtica de privacidade<\/h3>\t\t\t\t<\/div>\n\t\t\t\t<\/div>\n\t\t\t\t\t<\/div>\n\t\t<\/div>\n\t\t\t\t\t<\/div>\n\t\t<\/section>\n\t\t\t\t<section class=\"elementor-section elementor-top-section elementor-element elementor-element-c95ac9f elementor-section-boxed elementor-section-height-default elementor-section-height-default\" data-id=\"c95ac9f\" data-element_type=\"section\" data-e-type=\"section\">\n\t\t\t\t\t\t<div class=\"elementor-container elementor-column-gap-default\">\n\t\t\t\t\t<div class=\"elementor-column elementor-col-100 elementor-top-column elementor-element elementor-element-ce3736b\" data-id=\"ce3736b\" data-element_type=\"column\" data-e-type=\"column\">\n\t\t\t<div class=\"elementor-widget-wrap elementor-element-populated\">\n\t\t\t\t\t\t<div class=\"elementor-element elementor-element-070f4f1 elementor-widget elementor-widget-spacer\" data-id=\"070f4f1\" data-element_type=\"widget\" data-e-type=\"widget\" data-widget_type=\"spacer.default\">\n\t\t\t\t<div class=\"elementor-widget-container\">\n\t\t\t\t\t\t\t<div class=\"elementor-spacer\">\n\t\t\t<div class=\"elementor-spacer-inner\"><\/div>\n\t\t<\/div>\n\t\t\t\t\t\t<\/div>\n\t\t\t\t<\/div>\n\t\t\t\t\t<\/div>\n\t\t<\/div>\n\t\t\t\t\t<\/div>\n\t\t<\/section>\n\t\t\t\t<section class=\"elementor-section elementor-top-section elementor-element elementor-element-b23aff7 elementor-section-boxed elementor-section-height-default elementor-section-height-default\" data-id=\"b23aff7\" data-element_type=\"section\" data-e-type=\"section\">\n\t\t\t\t\t\t<div class=\"elementor-container elementor-column-gap-default\">\n\t\t\t\t\t<div class=\"elementor-column elementor-col-100 elementor-top-column elementor-element elementor-element-cc1c525\" data-id=\"cc1c525\" data-element_type=\"column\" data-e-type=\"column\">\n\t\t\t<div class=\"elementor-widget-wrap elementor-element-populated\">\n\t\t\t\t\t\t<div class=\"elementor-element elementor-element-960b34e elementor-widget elementor-widget-text-editor\" data-id=\"960b34e\" data-element_type=\"widget\" data-e-type=\"widget\" data-widget_type=\"text-editor.default\">\n\t\t\t\t<div class=\"elementor-widget-container\">\n\t\t\t\t\t\t\t\t\t<div id=\"imTextObject_8_02\"><div id=\"imTextObject_8_02_tab0\" class=\"text-tab-content grid-prop current-tab \" data-index=\"0\"><div class=\"text-inner\"><div><div class=\"imTAJustify\"><span class=\"fs11lh1-5 cf1\">O acceso dos usuarios \u00e1 web e a participaci\u00f3n na venda dos produtos \u00a0ofrecidos a trav\u00e9s desta p\u00e1xina pode implicar o tratamento de datos de \u00a0car\u00e1cter persoal.<\/span><\/div><div class=\"imTAJustify\"><span class=\"cf1\">\u00a0<\/span><\/div><div class=\"imTAJustify\"><span class=\"fs11lh1-5 cf1\">Por iso, en virtude da Lei Org\u00e1nica 15\/1999 de 13 de decembro de \u00a0Protecci\u00f3n de Datos de Car\u00e1cter Persoal e a Lei 34\/2002 de 31 de xullo \u00a0de Servizos da Sociedade da Informaci\u00f3n e o Comercio Electr\u00f3nico e \u00a0Reglamento Europeo 2016\/679 Xeneral de Protecci\u00f3n de Datos, informase que os datos persoais aportados para o acceso a alg\u00fans dos servizos do \u00a0presente sitio web poder\u00e1n ser incorporados a ficheiros titularidad desta \u00a0empresa, coa finalidade de facilitar a prestaci\u00f3n dos servizos \u00a0solicitados, para a correcta identificaci\u00f3n dos usuarios que solicitan \u00a0servizos personalizados, para a realizaci\u00f3n de estudos estat\u00edsticos dos \u00a0usuarios que permitan \u00a0dese\u00f1ar melloras nos servizos prestados, para a \u00a0xesti\u00f3n de tarefas b\u00e1sicas de administraci\u00f3n, as\u00ed como para manterlle \u00a0informado, ben por correo electr\u00f3nico ben por calquera outro medio, de \u00a0novidades, produtos e servizos.<\/span><\/div><div class=\"imTAJustify\"><span class=\"cf1\">\u00a0<\/span><\/div><div class=\"imTAJustify\"><span class=\"fs11lh1-5 cf1\">En todo caso, Pirixel cumpre as directrices legais actuais en materia de protecci\u00f3n de datos de car\u00e1cter persoal.<\/span><\/div><div class=\"imTAJustify\"><span class=\"cf1\">\u00a0<\/span><\/div><div class=\"imTAJustify\"><span class=\"fs11lh1-5 cf1\">As\u00ed mesmo, Pirixel comprom\u00e9tese ao cumprimento da s\u00faa obrigaci\u00f3n de \u00a0segredo dos datos de car\u00e1cter persoal e do seu deber de tratalos con \u00a0confidencialidade e asume, a estes efectos, as medidas de \u00edndole \u00a0t\u00e9cnica, organizativa e de seguridade necesarias para evitar a s\u00faa \u00a0alteraci\u00f3n, perda, tratamento ou acceso non autorizado, de acordo co \u00a0establecido na normativa vixente de protecci\u00f3n de datos persoais, e \u00a0demais lexislaci\u00f3n aplicable.<\/span><\/div><div class=\"imTAJustify\"><span class=\"cf1\">\u00a0<\/span><\/div><div class=\"imTAJustify\"><span class=\"fs11lh1-5 cf1\">As\u00ed mesmo, e en virtude da Lei 34\/2002 de 31 de xullo de Servizos da \u00a0Sociedade da Informaci\u00f3n e o Comercio Electr\u00f3nico, o usuario ten que aceptar que \u00a0comunicando o seu correo electr\u00f3nico, Pirixel poida utilizalo para o \u00a0env\u00edo de comunicaci\u00f3ns comerciais publicitarias e promocionaies propias \u00a0da s\u00faa actividade ou servizos relacionados da empresa, a trav\u00e9s deste \u00a0medio ou doutro medio de comunicaci\u00f3n electr\u00f3nica equivalente.<\/span><\/div><div class=\"imTAJustify\"><span class=\"cf1\">\u00a0<\/span><\/div><div class=\"imTAJustify\"><span class=\"fs11lh1-5 cf1\">En cumprimento do disposto no Reglamento Europeo 2016\/679 Xeneral de \u00a0Protecci\u00f3n de Datos, tratamos os datos para as seguintes finalidades:<\/span><\/div><div class=\"imTAJustify\"><span class=\"fs11lh1-5 cf1\">1. Realizar a facturaci\u00f3n dos servizos realizados.<\/span><\/div><div class=\"imTAJustify\"><span class=\"fs11lh1-5 cf1\">2. Enviarlles informaci\u00f3n sobre os nosos produtos e servizos.<\/span><\/div><div class=\"imTAJustify\"><span class=\"fs11lh1-5 cf1\">3. Ceder datos a organismos e autoridades p\u00fablicas, a condici\u00f3n de que \u00a0sexan requiridos de conformidad coas disposici\u00f3ns legais e \u00a0reglamentarias.<\/span><\/div><div class=\"imTAJustify\"><span class=\"cf1\">\u00a0<\/span><\/div><div class=\"imTAJustify\"><span class=\"fs11lh1-5 cf1\">Os datos ser\u00e1n conservados mentres dure a relaci\u00f3n contractual e \u00a0comercial, as\u00ed como o tempo necesario para cumprir as obrigaci\u00f3ns \u00a0legais.<\/span><\/div><div class=\"imTAJustify\"><span class=\"fs11lh1-5 cf1\">Os datos persoais poder\u00e1n ser cedidos \u00e1s autoridades competentes nos casos que exista unha obrigaci\u00f3n legal.<\/span><\/div><div class=\"imTAJustify\"><span class=\"cf1\">\u00a0<\/span><\/div><div class=\"imTAJustify\"><span class=\"fs11lh1-5 cf1\">Dereitos:<\/span><\/div><div class=\"imTAJustify\"><span class=\"fs11lh1-5 cf1\">&#8211; Dereito de acceso: dereito a que lle confirmemos si estamos tratando \u00a0os seus datos persoais e a que lle facilitemos unha copia de de os \u00a0mesmos.<\/span><\/div><div class=\"imTAJustify\"><span class=\"fs11lh1-5 cf1\">&#8211; Dereito de rectificaci\u00f3n: si os seus datos son inexactos, incompletos, \u00a0inadecuados ou excesivos, pode solicitar que se rectifiquen ou, no seu \u00a0caso e se procede, que se cancelen.<\/span><\/div><div class=\"imTAJustify\"><span class=\"fs11lh1-5 cf1\">&#8211; Dereito de portabilidad: dereito a solicitar a portabilidad dos seus \u00a0datos persoais e a que llos facilitemos nun formato estructurado, de uso \u00a0com\u00fan e lectura mec\u00e1nica, para que estes datos p\u00f3idanse transmitir a \u00a0outro proveedor de servizos.<\/span><\/div><div class=\"imTAJustify\"><span class=\"fs11lh1-5 cf1\">&#8211; Dereito ao esquecemento (supresi\u00f3n): dereito a que os seus datos \u00a0persoais sexan eliminados dos nosos sistemas. Por iso, pode solicitar o \u00a0borrado dos seus datos. Recorde que unha vez borremos os seus datos, \u00a0temos que gardalos bloqueados durante un tempo por imperativo legal. \u00a0Durante ese tempo os seus datos \u00fanicamente estar\u00e1n a disposici\u00f3n de \u00a0xu\u00edces e tribunais, o Ministerio Fiscal ou as Administraci\u00f3ns P\u00fablicas \u00a0competentes, en particular das autoridades de protecci\u00f3n de datos. \u00a0Pasado ese tempo, borraremos os datos de forma definitiva dos nosos \u00a0sistemas.<\/span><\/div><div class=\"imTAJustify\"><span class=\"cf1\">\u00a0<\/span><\/div><div class=\"imTAJustify\"><span class=\"fs11lh1-5 cf1\">Poder\u00e1 exercitar estes dereitos indic\u00e1ndoo por escrito na direcci\u00f3n que \u00a0figura no p\u00e9 de p\u00e1xina ou ben no correo electr\u00f3nico abaixo indicado.<\/span><\/div><\/div><\/div><\/div><\/div>\t\t\t\t\t\t\t\t<\/div>\n\t\t\t\t<\/div>\n\t\t\t\t\t<\/div>\n\t\t<\/div>\n\t\t\t\t\t<\/div>\n\t\t<\/section>\n\t\t\t\t<\/div>\n\t\t","protected":false},"excerpt":{"rendered":"<p>Pol\u00edtica de privacidade O acceso dos usuarios \u00e1 web e a participaci\u00f3n na venda dos produtos \u00a0ofrecidos a trav\u00e9s desta p\u00e1xina pode implicar o tratamento de datos de \u00a0car\u00e1cter persoal.\u00a0Por iso, en virtude da Lei Org\u00e1nica 15\/1999 de 13 de decembro de \u00a0Protecci\u00f3n de Datos de Car\u00e1cter Persoal e a Lei 34\/2002 de 31 de [&hellip;]<\/p>\n","protected":false},"author":1,"featured_media":0,"parent":0,"menu_order":0,"comment_status":"closed","ping_status":"closed","template":"","meta":{"om_disable_all_campaigns":false,"_monsterinsights_skip_tracking":false,"_monsterinsights_sitenote_active":false,"_monsterinsights_sitenote_note":"","_monsterinsights_sitenote_category":0,"site-sidebar-layout":"no-sidebar","site-content-layout":"page-builder","ast-site-content-layout":"default","site-content-style":"default","site-sidebar-style":"default","ast-global-header-display":"","ast-banner-title-visibility":"","ast-main-header-display":"","ast-hfb-above-header-display":"","ast-hfb-below-header-display":"","ast-hfb-mobile-header-display":"","site-post-title":"disabled","ast-breadcrumbs-content":"","ast-featured-img":"disabled","footer-sml-layout":"","ast-disable-related-posts":"","theme-transparent-header-meta":"","adv-header-id-meta":"","stick-header-meta":"","header-above-stick-meta":"","header-main-stick-meta":"","header-below-stick-meta":"","astra-migrate-meta-layouts":"default","ast-page-background-enabled":"default","ast-page-background-meta":{"desktop":{"background-color":"","background-image":"","background-repeat":"repeat","background-position":"center center","background-size":"auto","background-attachment":"scroll","background-type":"","background-media":"","overlay-type":"","overlay-color":"","overlay-opacity":"","overlay-gradient":""},"tablet":{"background-color":"","background-image":"","background-repeat":"repeat","background-position":"center center","background-size":"auto","background-attachment":"scroll","background-type":"","background-media":"","overlay-type":"","overlay-color":"","overlay-opacity":"","overlay-gradient":""},"mobile":{"background-color":"","background-image":"","background-repeat":"repeat","background-position":"center center","background-size":"auto","background-attachment":"scroll","background-type":"","background-media":"","overlay-type":"","overlay-color":"","overlay-opacity":"","overlay-gradient":""}},"ast-content-background-meta":{"desktop":{"background-color":"var(--ast-global-color-5)","background-image":"","background-repeat":"repeat","background-position":"center center","background-size":"auto","background-attachment":"scroll","background-type":"","background-media":"","overlay-type":"","overlay-color":"","overlay-opacity":"","overlay-gradient":""},"tablet":{"background-color":"var(--ast-global-color-5)","background-image":"","background-repeat":"repeat","background-position":"center center","background-size":"auto","background-attachment":"scroll","background-type":"","background-media":"","overlay-type":"","overlay-color":"","overlay-opacity":"","overlay-gradient":""},"mobile":{"background-color":"var(--ast-global-color-5)","background-image":"","background-repeat":"repeat","background-position":"center center","background-size":"auto","background-attachment":"scroll","background-type":"","background-media":"","overlay-type":"","overlay-color":"","overlay-opacity":"","overlay-gradient":""}},"footnotes":""},"class_list":["post-2061","page","type-page","status-publish","hentry"],"aioseo_notices":[],"_links":{"self":[{"href":"https:\/\/www.pirixel.com\/html\/wp-json\/wp\/v2\/pages\/2061","targetHints":{"allow":["GET"]}}],"collection":[{"href":"https:\/\/www.pirixel.com\/html\/wp-json\/wp\/v2\/pages"}],"about":[{"href":"https:\/\/www.pirixel.com\/html\/wp-json\/wp\/v2\/types\/page"}],"author":[{"embeddable":true,"href":"https:\/\/www.pirixel.com\/html\/wp-json\/wp\/v2\/users\/1"}],"replies":[{"embeddable":true,"href":"https:\/\/www.pirixel.com\/html\/wp-json\/wp\/v2\/comments?post=2061"}],"version-history":[{"count":0,"href":"https:\/\/www.pirixel.com\/html\/wp-json\/wp\/v2\/pages\/2061\/revisions"}],"wp:attachment":[{"href":"https:\/\/www.pirixel.com\/html\/wp-json\/wp\/v2\/media?parent=2061"}],"curies":[{"name":"wp","href":"https:\/\/api.w.org\/{rel}","templated":true}]}}